{"id":96,"date":"2025-04-29T14:41:07","date_gmt":"2025-04-29T12:41:07","guid":{"rendered":"https:\/\/pur-ungefiltert.de\/?page_id=96"},"modified":"2025-04-29T16:47:15","modified_gmt":"2025-04-29T14:47:15","slug":"startseite","status":"publish","type":"page","link":"https:\/\/pur-ungefiltert.de\/","title":{"rendered":"Startseite"},"content":{"rendered":"\t\t<div data-elementor-type=\"wp-page\" data-elementor-id=\"96\" class=\"elementor elementor-96\">\n\t\t\t\t<div class=\"elementor-element elementor-element-9c81d66 e-flex e-con-boxed e-con e-parent\" data-id=\"9c81d66\" data-element_type=\"container\" data-e-type=\"container\">\n\t\t\t\t\t<div class=\"e-con-inner\">\n\t\t<div class=\"elementor-element elementor-element-4b6b786 e-con-full e-flex e-con e-child\" data-id=\"4b6b786\" data-element_type=\"container\" data-e-type=\"container\">\n\t\t\t\t<div class=\"elementor-element elementor-element-13b205d elementor-widget elementor-widget-heading\" data-id=\"13b205d\" data-element_type=\"widget\" data-e-type=\"widget\" data-widget_type=\"heading.default\">\n\t\t\t\t<div class=\"elementor-widget-container\">\n\t\t\t\t\t<h1 class=\"elementor-heading-title elementor-size-default\">PUR &amp; Ungefiltert<\/h1>\t\t\t\t<\/div>\n\t\t\t\t<\/div>\n\t\t\t\t<div class=\"elementor-element elementor-element-ebd59b3 elementor-widget elementor-widget-heading\" data-id=\"ebd59b3\" data-element_type=\"widget\" data-e-type=\"widget\" data-widget_type=\"heading.default\">\n\t\t\t\t<div class=\"elementor-widget-container\">\n\t\t\t\t\t<h3 class=\"elementor-heading-title elementor-size-default\">Hier entsteht eine neue Website<\/h3>\t\t\t\t<\/div>\n\t\t\t\t<\/div>\n\t\t\t\t<\/div>\n\t\t\t\t\t<\/div>\n\t\t\t\t<\/div>\n\t\t<div class=\"elementor-element elementor-element-71ac040 e-flex e-con-boxed e-con e-parent\" data-id=\"71ac040\" data-element_type=\"container\" data-e-type=\"container\">\n\t\t\t\t\t<div class=\"e-con-inner\">\n\t\t<div class=\"elementor-element elementor-element-6cf87f0 e-con-full e-flex e-con e-child\" data-id=\"6cf87f0\" data-element_type=\"container\" data-e-type=\"container\">\n\t\t\t\t<div class=\"elementor-element elementor-element-a5843b1 elementor-widget elementor-widget-heading\" data-id=\"a5843b1\" data-element_type=\"widget\" data-e-type=\"widget\" data-widget_type=\"heading.default\">\n\t\t\t\t<div class=\"elementor-widget-container\">\n\t\t\t\t\t<h3 class=\"elementor-heading-title elementor-size-default\"><a href=\"https:\/\/pur-ungefiltert.de\/impressum\" target=\"_blank\">Impressum<\/a><\/h3>\t\t\t\t<\/div>\n\t\t\t\t<\/div>\n\t\t\t\t<div class=\"elementor-element elementor-element-7a005dc elementor-widget elementor-widget-heading\" data-id=\"7a005dc\" data-element_type=\"widget\" data-e-type=\"widget\" data-widget_type=\"heading.default\">\n\t\t\t\t<div class=\"elementor-widget-container\">\n\t\t\t\t\t<h3 class=\"elementor-heading-title elementor-size-default\"><a href=\"https:\/\/pur-ungefiltert.de\/datenschutzerklaerung\" target=\"_blank\">Datenschutz<\/a><\/h3>\t\t\t\t<\/div>\n\t\t\t\t<\/div>\n\t\t\t\t<\/div>\n\t\t\t\t\t<\/div>\n\t\t\t\t<\/div>\n\t\t<div class=\"elementor-element elementor-element-6c3cec6 e-flex e-con-boxed e-con e-parent\" data-id=\"6c3cec6\" data-element_type=\"container\" data-e-type=\"container\">\n\t\t\t\t\t<div class=\"e-con-inner\">\n\t\t<div class=\"elementor-element elementor-element-2e98d86 e-con-full e-flex e-con e-child\" data-id=\"2e98d86\" data-element_type=\"container\" data-e-type=\"container\" data-settings=\"{&quot;background_background&quot;:&quot;classic&quot;}\">\n\t\t\t\t<\/div>\n\t\t<div class=\"elementor-element elementor-element-f4548d6 e-con-full e-flex e-con e-child\" data-id=\"f4548d6\" data-element_type=\"container\" data-e-type=\"container\">\n\t\t<div class=\"elementor-element elementor-element-9d77528 e-con-full e-flex e-con e-child\" data-id=\"9d77528\" data-element_type=\"container\" data-e-type=\"container\">\n\t\t\t\t<div class=\"elementor-element elementor-element-7e27f13 elementor-widget elementor-widget-heading\" data-id=\"7e27f13\" data-element_type=\"widget\" data-e-type=\"widget\" data-widget_type=\"heading.default\">\n\t\t\t\t<div class=\"elementor-widget-container\">\n\t\t\t\t\t<h2 class=\"elementor-heading-title elementor-size-default\">Podcast Pur und Ungefiltert \u2013 Echt. Laut. Unzensiert<\/h2>\t\t\t\t<\/div>\n\t\t\t\t<\/div>\n\t\t\t\t<div class=\"elementor-element elementor-element-12e93a8 elementor-widget elementor-widget-text-editor\" data-id=\"12e93a8\" data-element_type=\"widget\" data-e-type=\"widget\" data-widget_type=\"text-editor.default\">\n\t\t\t\t<div class=\"elementor-widget-container\">\n\t\t\t\t\t\t\t\t\t<p><span style=\"background-color: rgba(0, 0, 0, 0); margin: 0px;\">Willkommen bei &#8222;Podcast Pur und Ungefiltert&#8220;, dem Podcast, der Menschen, Themen und Meinungen ohne Schnitte und ohne Filter pr\u00e4sentiert. Hier treffen spannende Pers\u00f6nlichkeiten aus Wirtschaft, Politik, Gesellschaft und Entertainment aufeinander \u2013 und reden Klartext.<\/span><\/p>\t\t\t\t\t\t\t\t<\/div>\n\t\t\t\t<\/div>\n\t\t\t\t<div class=\"elementor-element elementor-element-72d63b3 elementor-widget elementor-widget-text-editor\" data-id=\"72d63b3\" data-element_type=\"widget\" data-e-type=\"widget\" data-widget_type=\"text-editor.default\">\n\t\t\t\t<div class=\"elementor-widget-container\">\n\t\t\t\t\t\t\t\t\t<p>Ob Unternehmer mit vision\u00e4ren Ideen, Politiker hinter den Kulissen, Menschen des \u00f6ffentlichen Lebens mit bewegenden Geschichten oder Stars abseits der B\u00fchne: Bei uns kommen sie alle <strong>PUR UND UNGESCH\u00d6NT<\/strong>\u00a0zu Wort. Keine Inszenierung, keine Besch\u00f6nigung \u2013 nur echte Gespr\u00e4che, kontroverse Standpunkte und ungefilterte Einblicke.<\/p>\t\t\t\t\t\t\t\t<\/div>\n\t\t\t\t<\/div>\n\t\t\t\t<div class=\"elementor-element elementor-element-f215e35 elementor-widget elementor-widget-heading\" data-id=\"f215e35\" data-element_type=\"widget\" data-e-type=\"widget\" data-widget_type=\"heading.default\">\n\t\t\t\t<div class=\"elementor-widget-container\">\n\t\t\t\t\t<h2 class=\"elementor-heading-title elementor-size-default\">Unsere Vision?<\/h2>\t\t\t\t<\/div>\n\t\t\t\t<\/div>\n\t\t\t\t<div class=\"elementor-element elementor-element-0912641 elementor-widget elementor-widget-text-editor\" data-id=\"0912641\" data-element_type=\"widget\" data-e-type=\"widget\" data-widget_type=\"text-editor.default\">\n\t\t\t\t<div class=\"elementor-widget-container\">\n\t\t\t\t\t\t\t\t\t<p>Eine Plattform f\u00fcr den authentischen Austausch, der inspiriert, polarisiert und zum Nachdenken anregt. Denn nur wenn wir offen reden, k\u00f6nnen wir wirklich etwas bewegen.<\/p>\t\t\t\t\t\t\t\t<\/div>\n\t\t\t\t<\/div>\n\t\t\t\t<div class=\"elementor-element elementor-element-2f45c1b elementor-widget elementor-widget-text-editor\" data-id=\"2f45c1b\" data-element_type=\"widget\" data-e-type=\"widget\" data-widget_type=\"text-editor.default\">\n\t\t\t\t<div class=\"elementor-widget-container\">\n\t\t\t\t\t\t\t\t\t<p>H\u00f6rt rein. Bleibt neugierig. Und denkt weiter.<\/p>\t\t\t\t\t\t\t\t<\/div>\n\t\t\t\t<\/div>\n\t\t\t\t<div class=\"elementor-element elementor-element-1d4eaa0 elementor-widget elementor-widget-text-editor\" data-id=\"1d4eaa0\" data-element_type=\"widget\" data-e-type=\"widget\" data-widget_type=\"text-editor.default\">\n\t\t\t\t<div class=\"elementor-widget-container\">\n\t\t\t\t\t\t\t\t\t<p><strong>#PurUndUngefiltert #EchteGespr\u00e4che #OhneFilter<\/strong><\/p>\t\t\t\t\t\t\t\t<\/div>\n\t\t\t\t<\/div>\n\t\t\t\t<\/div>\n\t\t\t\t<\/div>\n\t\t\t\t\t<\/div>\n\t\t\t\t<\/div>\n\t\t\t\t<\/div>\n\t\t","protected":false},"excerpt":{"rendered":"<p>PUR &amp; Ungefiltert Hier entsteht eine neue Website Impressum Datenschutz Podcast Pur und Ungefiltert \u2013 Echt. Laut. Unzensiert Willkommen bei &#8222;Podcast Pur und Ungefiltert&#8220;, dem Podcast, der Menschen, Themen und Meinungen ohne Schnitte und ohne Filter pr\u00e4sentiert. Hier treffen spannende Pers\u00f6nlichkeiten aus Wirtschaft, Politik, Gesellschaft und Entertainment aufeinander \u2013 und reden Klartext. Ob Unternehmer mit [&hellip;]<\/p>\n","protected":false},"author":1,"featured_media":0,"parent":0,"menu_order":0,"comment_status":"closed","ping_status":"closed","template":"elementor_header_footer","meta":{"footnotes":""},"class_list":["post-96","page","type-page","status-publish","hentry"],"_links":{"self":[{"href":"https:\/\/pur-ungefiltert.de\/index.php?rest_route=\/wp\/v2\/pages\/96","targetHints":{"allow":["GET"]}}],"collection":[{"href":"https:\/\/pur-ungefiltert.de\/index.php?rest_route=\/wp\/v2\/pages"}],"about":[{"href":"https:\/\/pur-ungefiltert.de\/index.php?rest_route=\/wp\/v2\/types\/page"}],"author":[{"embeddable":true,"href":"https:\/\/pur-ungefiltert.de\/index.php?rest_route=\/wp\/v2\/users\/1"}],"replies":[{"embeddable":true,"href":"https:\/\/pur-ungefiltert.de\/index.php?rest_route=%2Fwp%2Fv2%2Fcomments&post=96"}],"version-history":[{"count":0,"href":"https:\/\/pur-ungefiltert.de\/index.php?rest_route=\/wp\/v2\/pages\/96\/revisions"}],"wp:attachment":[{"href":"https:\/\/pur-ungefiltert.de\/index.php?rest_route=%2Fwp%2Fv2%2Fmedia&parent=96"}],"curies":[{"name":"wp","href":"https:\/\/api.w.org\/{rel}","templated":true}]}}